{"id":165,"date":"2020-07-21T22:01:55","date_gmt":"2020-07-21T20:01:55","guid":{"rendered":"http:\/\/eurofiliales.sud-com-conseil.fr\/?page_id=165"},"modified":"2021-01-11T22:48:24","modified_gmt":"2021-01-11T21:48:24","slug":"historique","status":"publish","type":"page","link":"https:\/\/eurofiliales.sud-com-conseil.fr\/en\/historique\/","title":{"rendered":"History"},"content":{"rendered":"<div data-elementor-type=\"wp-page\" data-elementor-id=\"165\" class=\"elementor elementor-165\" data-elementor-settings=\"[]\">\n\t\t\t<div class=\"elementor-inner\">\n\t\t\t\t<div class=\"elementor-section-wrap\">\n\t\t\t\t\t\t\t<section class=\"elementor-element elementor-element-a93dcea elementor-section-boxed elementor-section-height-default elementor-section-height-default elementor-section elementor-top-section\" data-id=\"a93dcea\" data-element_type=\"section\">\n\t\t\t\t\t\t<div class=\"elementor-container elementor-column-gap-default\">\n\t\t\t\t<div class=\"elementor-row\">\n\t\t\t\t<div class=\"elementor-element elementor-element-b5cff59 elementor-column elementor-col-100 elementor-top-column\" data-id=\"b5cff59\" data-element_type=\"column\">\n\t\t\t<div class=\"elementor-column-wrap  elementor-element-populated\">\n\t\t\t\t\t<div class=\"elementor-widget-wrap\">\n\t\t\t\t<div class=\"elementor-element elementor-element-008bb43 elementor-widget elementor-widget-text-editor\" data-id=\"008bb43\" data-element_type=\"widget\" data-widget_type=\"text-editor.default\">\n\t\t\t\t<div class=\"elementor-widget-container\">\n\t\t\t\t\t<div class=\"elementor-text-editor elementor-clearfix\">Cr\u00e9\u00e9e en 1994 par Thierry BUNEL, ancien officier de la marine marchande, EUROFILIALES s\u2019est sp\u00e9cialis\u00e9e dans le domaine du pompage centrifuge des fluides.<\/br>\n<\/br>\nDistributeur de pompes pour les secteurs naval et industriel en France, EUROFILIALES s\u2019est \u00e9quip\u00e9e par la suite d\u2019un atelier de r\u00e9paration garantissant ainsi \u00e0 ses clients une maintenance de qualit\u00e9 pour leurs \u00e9quipements.<\/div>\n\t\t\t\t<\/div>\n\t\t\t\t<\/div>\n\t\t\t\t\t\t<\/div>\n\t\t\t<\/div>\n\t\t<\/div>\n\t\t\t\t\t\t<\/div>\n\t\t\t<\/div>\n\t\t<\/section>\n\t\t\t\t<section class=\"elementor-element elementor-element-c9f3515 elementor-section-boxed elementor-section-height-default elementor-section-height-default elementor-section elementor-top-section\" data-id=\"c9f3515\" data-element_type=\"section\">\n\t\t\t\t\t\t<div class=\"elementor-container elementor-column-gap-default\">\n\t\t\t\t<div class=\"elementor-row\">\n\t\t\t\t<div class=\"elementor-element elementor-element-8ad6fdd elementor-column elementor-col-50 elementor-top-column\" data-id=\"8ad6fdd\" data-element_type=\"column\">\n\t\t\t<div class=\"elementor-column-wrap  elementor-element-populated\">\n\t\t\t\t\t<div class=\"elementor-widget-wrap\">\n\t\t\t\t<div class=\"elementor-element elementor-element-ad364a7 elementor-blockquote--skin-quotation elementor-blockquote--align-right elementor-blockquote--button-color-official elementor-widget elementor-widget-blockquote\" data-id=\"ad364a7\" data-element_type=\"widget\" data-widget_type=\"blockquote.default\">\n\t\t\t\t<div class=\"elementor-widget-container\">\n\t\t\t\t\t<blockquote class=\"elementor-blockquote\">\n\t\t\t<p class=\"elementor-blockquote__content\">\n\t\t\t\tEUROFILIALES s'est \u00e9quip\u00e9e d'un atelier [...] garantissant ainsi \u00e0 ses clients un service de qualit\u00e9.\n\t\t\t<\/p>\n\t\t\t\t\t\t\t<footer>\n\t\t\t\t\t\t\t\t\t\t\t<cite class=\"elementor-blockquote__author\">Thierry Bunel<\/cite>\n\t\t\t\t\t\t\t\t\t\t\t\t\t\t<\/footer>\n\t\t\t\t\t<\/blockquote>\n\t\t\t\t<\/div>\n\t\t\t\t<\/div>\n\t\t\t\t\t\t<\/div>\n\t\t\t<\/div>\n\t\t<\/div>\n\t\t\t\t<div class=\"elementor-element elementor-element-7317693 elementor-column elementor-col-50 elementor-top-column\" data-id=\"7317693\" data-element_type=\"column\">\n\t\t\t<div class=\"elementor-column-wrap  elementor-element-populated\">\n\t\t\t\t\t<div class=\"elementor-widget-wrap\">\n\t\t\t\t<div class=\"elementor-element elementor-element-29b81a4 elementor-widget elementor-widget-image\" data-id=\"29b81a4\" data-element_type=\"widget\" data-widget_type=\"image.default\">\n\t\t\t\t<div class=\"elementor-widget-container\">\n\t\t\t\t\t<div class=\"elementor-image\">\n\t\t\t\t\t\t\t\t\t\t<img width=\"300\" height=\"224\" src=\"https:\/\/eurofiliales.sud-com-conseil.fr\/wp-content\/uploads\/2021\/01\/photo20063.jpg\" class=\"attachment-large size-large\" alt=\"\" loading=\"lazy\" \/>\t\t\t\t\t\t\t\t\t\t\t<\/div>\n\t\t\t\t<\/div>\n\t\t\t\t<\/div>\n\t\t\t\t\t\t<\/div>\n\t\t\t<\/div>\n\t\t<\/div>\n\t\t\t\t\t\t<\/div>\n\t\t\t<\/div>\n\t\t<\/section>\n\t\t\t\t<section class=\"elementor-element elementor-element-f46ca61 elementor-section-boxed elementor-section-height-default elementor-section-height-default elementor-section elementor-top-section\" data-id=\"f46ca61\" data-element_type=\"section\">\n\t\t\t\t\t\t<div class=\"elementor-container elementor-column-gap-default\">\n\t\t\t\t<div class=\"elementor-row\">\n\t\t\t\t<div class=\"elementor-element elementor-element-0d98d3e elementor-column elementor-col-100 elementor-top-column\" data-id=\"0d98d3e\" data-element_type=\"column\">\n\t\t\t<div class=\"elementor-column-wrap  elementor-element-populated\">\n\t\t\t\t\t<div class=\"elementor-widget-wrap\">\n\t\t\t\t<div class=\"elementor-element elementor-element-1404bfd elementor-widget elementor-widget-text-editor\" data-id=\"1404bfd\" data-element_type=\"widget\" data-widget_type=\"text-editor.default\">\n\t\t\t\t<div class=\"elementor-widget-container\">\n\t\t\t\t\t<div class=\"elementor-text-editor elementor-clearfix\">Sur la demande de nos clients, et en plus de la fourniture de pompes compl\u00e8tes, nous proposons la fourniture de pi\u00e8ces de rechange adaptables sur mesure par reverse-engineering pour de nombreuses machines tournantes devenues obsol\u00e8tes chez les constructeurs d&rsquo;origine.<\/br>\n<\/br>\nLa forte augmentation des prix et des d\u00e9lais chez la plupart des constructeurs d&rsquo;origine nous a forc\u00e9 \u00e0 r\u00e9agir avec un service personnalis\u00e9, en fonction des exigences de nos clients.<\/br>\n<\/br>\nAvec plus de 25 ans d&rsquo;exp\u00e9rience, Eurofiliales vous propose une offre compl\u00e8te et \u00e0 la carte, quel que soit votre besoin.<\/div>\n\t\t\t\t<\/div>\n\t\t\t\t<\/div>\n\t\t\t\t\t\t<\/div>\n\t\t\t<\/div>\n\t\t<\/div>\n\t\t\t\t\t\t<\/div>\n\t\t\t<\/div>\n\t\t<\/section>\n\t\t\t\t\t\t<\/div>\n\t\t\t<\/div>\n\t\t<\/div>","protected":false},"excerpt":{"rendered":"<p>Cr\u00e9\u00e9e en 1994 par Thierry BUNEL, ancien officier de la marine marchande, EUROFILIALES s\u2019est sp\u00e9cialis\u00e9e dans le domaine du pompage centrifuge des fluides. Distributeur de pompes pour les secteurs naval et industriel en France, EUROFILIALES s\u2019est \u00e9quip\u00e9e par la suite d\u2019un atelier de r\u00e9paration garantissant ainsi \u00e0 ses clients une maintenance de qualit\u00e9 pour leurs [&hellip;]<\/p>","protected":false},"author":1,"featured_media":0,"parent":0,"menu_order":0,"comment_status":"closed","ping_status":"closed","template":"elementor_header_footer","meta":[],"_links":{"self":[{"href":"https:\/\/eurofiliales.sud-com-conseil.fr\/en\/wp-json\/wp\/v2\/pages\/165"}],"collection":[{"href":"https:\/\/eurofiliales.sud-com-conseil.fr\/en\/wp-json\/wp\/v2\/pages"}],"about":[{"href":"https:\/\/eurofiliales.sud-com-conseil.fr\/en\/wp-json\/wp\/v2\/types\/page"}],"author":[{"embeddable":true,"href":"https:\/\/eurofiliales.sud-com-conseil.fr\/en\/wp-json\/wp\/v2\/users\/1"}],"replies":[{"embeddable":true,"href":"https:\/\/eurofiliales.sud-com-conseil.fr\/en\/wp-json\/wp\/v2\/comments?post=165"}],"version-history":[{"count":5,"href":"https:\/\/eurofiliales.sud-com-conseil.fr\/en\/wp-json\/wp\/v2\/pages\/165\/revisions"}],"predecessor-version":[{"id":1381,"href":"https:\/\/eurofiliales.sud-com-conseil.fr\/en\/wp-json\/wp\/v2\/pages\/165\/revisions\/1381"}],"wp:attachment":[{"href":"https:\/\/eurofiliales.sud-com-conseil.fr\/en\/wp-json\/wp\/v2\/media?parent=165"}],"curies":[{"name":"wp","href":"https:\/\/api.w.org\/{rel}","templated":true}]}}