{"id":172,"date":"2020-07-21T21:57:55","date_gmt":"2020-07-21T19:57:55","guid":{"rendered":"http:\/\/eurofiliales.sud-com-conseil.fr\/?page_id=172"},"modified":"2020-11-27T17:32:40","modified_gmt":"2020-11-27T16:32:40","slug":"partenaires","status":"publish","type":"page","link":"https:\/\/eurofiliales.sud-com-conseil.fr\/en\/partenaires\/","title":{"rendered":"Partners"},"content":{"rendered":"<div data-elementor-type=\"wp-page\" data-elementor-id=\"172\" class=\"elementor elementor-172\" data-elementor-settings=\"[]\">\n\t\t\t<div class=\"elementor-inner\">\n\t\t\t\t<div class=\"elementor-section-wrap\">\n\t\t\t\t\t\t\t<section class=\"elementor-element elementor-element-d8b69e8 elementor-reverse-mobile elementor-section-boxed elementor-section-height-default elementor-section-height-default elementor-section elementor-top-section\" data-id=\"d8b69e8\" data-element_type=\"section\">\n\t\t\t\t\t\t<div class=\"elementor-container elementor-column-gap-default\">\n\t\t\t\t<div class=\"elementor-row\">\n\t\t\t\t<div class=\"elementor-element elementor-element-729e53c elementor-column elementor-col-100 elementor-top-column\" data-id=\"729e53c\" data-element_type=\"column\">\n\t\t\t<div class=\"elementor-column-wrap  elementor-element-populated\">\n\t\t\t\t\t<div class=\"elementor-widget-wrap\">\n\t\t\t\t<div class=\"elementor-element elementor-element-a5b7981 elementor-widget elementor-widget-heading\" data-id=\"a5b7981\" data-element_type=\"widget\" data-widget_type=\"heading.default\">\n\t\t\t\t<div class=\"elementor-widget-container\">\n\t\t\t<h3 class=\"elementor-heading-title elementor-size-default\">TB Holding<\/h3>\t\t<\/div>\n\t\t\t\t<\/div>\n\t\t\t\t<section class=\"elementor-element elementor-element-44f2a12 elementor-section-boxed elementor-section-height-default elementor-section-height-default elementor-section elementor-inner-section\" data-id=\"44f2a12\" data-element_type=\"section\">\n\t\t\t\t\t\t<div class=\"elementor-container elementor-column-gap-default\">\n\t\t\t\t<div class=\"elementor-row\">\n\t\t\t\t<div class=\"elementor-element elementor-element-dfe43e7 elementor-column elementor-col-50 elementor-inner-column\" data-id=\"dfe43e7\" data-element_type=\"column\">\n\t\t\t<div class=\"elementor-column-wrap  elementor-element-populated\">\n\t\t\t\t\t<div class=\"elementor-widget-wrap\">\n\t\t\t\t<div class=\"elementor-element elementor-element-64aa74d elementor-widget elementor-widget-heading\" data-id=\"64aa74d\" data-element_type=\"widget\" data-widget_type=\"heading.default\">\n\t\t\t\t<div class=\"elementor-widget-container\">\n\t\t\t<h2 class=\"elementor-heading-title elementor-size-default\">TBH<\/h2>\t\t<\/div>\n\t\t\t\t<\/div>\n\t\t\t\t\t\t<\/div>\n\t\t\t<\/div>\n\t\t<\/div>\n\t\t\t\t<div class=\"elementor-element elementor-element-4c8c481 elementor-column elementor-col-50 elementor-inner-column\" data-id=\"4c8c481\" data-element_type=\"column\">\n\t\t\t<div class=\"elementor-column-wrap  elementor-element-populated\">\n\t\t\t\t\t<div class=\"elementor-widget-wrap\">\n\t\t\t\t<div class=\"elementor-element elementor-element-4f8da73 elementor-widget elementor-widget-text-editor\" data-id=\"4f8da73\" data-element_type=\"widget\" data-widget_type=\"text-editor.default\">\n\t\t\t\t<div class=\"elementor-widget-container\">\n\t\t\t\t\t<div class=\"elementor-text-editor elementor-clearfix\"><p>TB Holding\u00a0est un groupe industriel r\u00e9unissant Eurofiliales et les m\u00e9tiers n\u00e9cessaires \u00e0 une production efficace, rapide et \u00e0 un service de qualit\u00e9 pour satisfaire ses clients. Produit d\u2019une int\u00e9gration verticale, TBH couvre donc tous les maillons de la r\u00e9paration des machines tournantes et des moteurs \u00e9lectriques ou diesel : fonderie, usinage, r\u00e9paration,\u2026 Pr\u00e9sent internationalement, TBH s\u2019associe en priorit\u00e9 avec des entreprises fran\u00e7aises, mais aussi europ\u00e9ennes.<\/p><\/div>\n\t\t\t\t<\/div>\n\t\t\t\t<\/div>\n\t\t\t\t\t\t<\/div>\n\t\t\t<\/div>\n\t\t<\/div>\n\t\t\t\t\t\t<\/div>\n\t\t\t<\/div>\n\t\t<\/section>\n\t\t\t\t<div class=\"elementor-element elementor-element-324c666 elementor-widget elementor-widget-heading\" data-id=\"324c666\" data-element_type=\"widget\" data-widget_type=\"heading.default\">\n\t\t\t\t<div class=\"elementor-widget-container\">\n\t\t\t<h3 class=\"elementor-heading-title elementor-size-default\">INDAR<\/h3>\t\t<\/div>\n\t\t\t\t<\/div>\n\t\t\t\t<section class=\"elementor-element elementor-element-08414ae elementor-reverse-mobile elementor-section-boxed elementor-section-height-default elementor-section-height-default elementor-section elementor-inner-section\" data-id=\"08414ae\" data-element_type=\"section\">\n\t\t\t\t\t\t<div class=\"elementor-container elementor-column-gap-default\">\n\t\t\t\t<div class=\"elementor-row\">\n\t\t\t\t<div class=\"elementor-element elementor-element-373fc61 elementor-column elementor-col-50 elementor-inner-column\" data-id=\"373fc61\" data-element_type=\"column\">\n\t\t\t<div class=\"elementor-column-wrap  elementor-element-populated\">\n\t\t\t\t\t<div class=\"elementor-widget-wrap\">\n\t\t\t\t<div class=\"elementor-element elementor-element-e730b9b elementor-widget elementor-widget-text-editor\" data-id=\"e730b9b\" data-element_type=\"widget\" data-widget_type=\"text-editor.default\">\n\t\t\t\t<div class=\"elementor-widget-container\">\n\t\t\t\t\t<div class=\"elementor-text-editor elementor-clearfix\"><p>Sp\u00e9cialis\u00e9 dans la r\u00e9paration et la fourniture de pompes et moteurs immerg\u00e9es, INDAR est un fabricant qui travaille en \u00e9troite collaboration avec nous depuis plusieurs ann\u00e9es. Ses certifications ISO 9001 \/ ISO 14001 et sa proximit\u00e9 en fait un associ\u00e9 majeur. Ayant la m\u00eame philosophie que nous, Indar Electric propose du revamping sur tous types et toutes marques de moteurs avec des garanties et normes identiques \u00e0 l\u2019original.<\/p><\/div>\n\t\t\t\t<\/div>\n\t\t\t\t<\/div>\n\t\t\t\t\t\t<\/div>\n\t\t\t<\/div>\n\t\t<\/div>\n\t\t\t\t<div class=\"elementor-element elementor-element-a496f8e elementor-column elementor-col-50 elementor-inner-column\" data-id=\"a496f8e\" data-element_type=\"column\">\n\t\t\t<div class=\"elementor-column-wrap  elementor-element-populated\">\n\t\t\t\t\t<div class=\"elementor-widget-wrap\">\n\t\t\t\t<div class=\"elementor-element elementor-element-2cdd52d elementor-widget elementor-widget-image\" data-id=\"2cdd52d\" data-element_type=\"widget\" data-widget_type=\"image.default\">\n\t\t\t\t<div class=\"elementor-widget-container\">\n\t\t\t\t\t<div class=\"elementor-image\">\n\t\t\t\t\t\t\t\t\t\t<img width=\"300\" height=\"144\" src=\"https:\/\/eurofiliales.sud-com-conseil.fr\/wp-content\/uploads\/2020\/07\/t\u00e9l\u00e9chargement-300x144.png\" class=\"attachment-medium size-medium\" alt=\"\" loading=\"lazy\" srcset=\"https:\/\/eurofiliales.sud-com-conseil.fr\/wp-content\/uploads\/2020\/07\/t\u00e9l\u00e9chargement-300x144.png 300w, https:\/\/eurofiliales.sud-com-conseil.fr\/wp-content\/uploads\/2020\/07\/t\u00e9l\u00e9chargement.png 324w\" sizes=\"(max-width: 300px) 100vw, 300px\" \/>\t\t\t\t\t\t\t\t\t\t\t<\/div>\n\t\t\t\t<\/div>\n\t\t\t\t<\/div>\n\t\t\t\t\t\t<\/div>\n\t\t\t<\/div>\n\t\t<\/div>\n\t\t\t\t\t\t<\/div>\n\t\t\t<\/div>\n\t\t<\/section>\n\t\t\t\t<div class=\"elementor-element elementor-element-09fadf0 elementor-widget elementor-widget-heading\" data-id=\"09fadf0\" data-element_type=\"widget\" data-widget_type=\"heading.default\">\n\t\t\t\t<div class=\"elementor-widget-container\">\n\t\t\t<h3 class=\"elementor-heading-title elementor-size-default\">ANGA<\/h3>\t\t<\/div>\n\t\t\t\t<\/div>\n\t\t\t\t<section class=\"elementor-element elementor-element-443414c elementor-section-boxed elementor-section-height-default elementor-section-height-default elementor-section elementor-inner-section\" data-id=\"443414c\" data-element_type=\"section\">\n\t\t\t\t\t\t<div class=\"elementor-container elementor-column-gap-default\">\n\t\t\t\t<div class=\"elementor-row\">\n\t\t\t\t<div class=\"elementor-element elementor-element-379c58f elementor-column elementor-col-50 elementor-inner-column\" data-id=\"379c58f\" data-element_type=\"column\">\n\t\t\t<div class=\"elementor-column-wrap  elementor-element-populated\">\n\t\t\t\t\t<div class=\"elementor-widget-wrap\">\n\t\t\t\t<div class=\"elementor-element elementor-element-c672bb6 elementor-widget elementor-widget-image\" data-id=\"c672bb6\" data-element_type=\"widget\" data-widget_type=\"image.default\">\n\t\t\t\t<div class=\"elementor-widget-container\">\n\t\t\t\t\t<div class=\"elementor-image\">\n\t\t\t\t\t\t\t\t\t\t<img width=\"225\" height=\"225\" src=\"https:\/\/eurofiliales.sud-com-conseil.fr\/wp-content\/uploads\/2020\/07\/t\u00e9l\u00e9chargement-1.png\" class=\"attachment-large size-large\" alt=\"\" loading=\"lazy\" srcset=\"https:\/\/eurofiliales.sud-com-conseil.fr\/wp-content\/uploads\/2020\/07\/t\u00e9l\u00e9chargement-1.png 225w, https:\/\/eurofiliales.sud-com-conseil.fr\/wp-content\/uploads\/2020\/07\/t\u00e9l\u00e9chargement-1-150x150.png 150w\" sizes=\"(max-width: 225px) 100vw, 225px\" \/>\t\t\t\t\t\t\t\t\t\t\t<\/div>\n\t\t\t\t<\/div>\n\t\t\t\t<\/div>\n\t\t\t\t\t\t<\/div>\n\t\t\t<\/div>\n\t\t<\/div>\n\t\t\t\t<div class=\"elementor-element elementor-element-7033610 elementor-column elementor-col-50 elementor-inner-column\" data-id=\"7033610\" data-element_type=\"column\">\n\t\t\t<div class=\"elementor-column-wrap  elementor-element-populated\">\n\t\t\t\t\t<div class=\"elementor-widget-wrap\">\n\t\t\t\t<div class=\"elementor-element elementor-element-fb104c9 elementor-widget elementor-widget-text-editor\" data-id=\"fb104c9\" data-element_type=\"widget\" data-widget_type=\"text-editor.default\">\n\t\t\t\t<div class=\"elementor-widget-container\">\n\t\t\t\t\t<div class=\"elementor-text-editor elementor-clearfix\"><p>Sp\u00e9cialis\u00e9e dans la fabrication de garnitures m\u00e9caniques, ANGA propose une vaste gamme de produits r\u00e9pondant aux sp\u00e9cifications de l&rsquo;API 682. De type humide ou s\u00e8che, cartouche simple ou cartouche double, nous r\u00e9pondons \u00e0 toutes vos demandes, des plus simples aux plus complexes, en s&rsquo;appuyant sur :<\/p><ul><li>Ses sp\u00e9cialistes<\/li><li>Son bureau d&rsquo;\u00e9tudes<\/li><li>Son laboratoire de recherches<\/li><li>Son service de m\u00e9trologie<\/li><\/ul><\/div>\n\t\t\t\t<\/div>\n\t\t\t\t<\/div>\n\t\t\t\t\t\t<\/div>\n\t\t\t<\/div>\n\t\t<\/div>\n\t\t\t\t\t\t<\/div>\n\t\t\t<\/div>\n\t\t<\/section>\n\t\t\t\t<div class=\"elementor-element elementor-element-cdd1bc1 elementor-widget elementor-widget-heading\" data-id=\"cdd1bc1\" data-element_type=\"widget\" data-widget_type=\"heading.default\">\n\t\t\t\t<div class=\"elementor-widget-container\">\n\t\t\t<h3 class=\"elementor-heading-title elementor-size-default\">OG3S<\/h3>\t\t<\/div>\n\t\t\t\t<\/div>\n\t\t\t\t<section class=\"elementor-element elementor-element-098c8f7 elementor-section-boxed elementor-section-height-default elementor-section-height-default elementor-section elementor-inner-section\" data-id=\"098c8f7\" data-element_type=\"section\">\n\t\t\t\t\t\t<div class=\"elementor-container elementor-column-gap-default\">\n\t\t\t\t<div class=\"elementor-row\">\n\t\t\t\t<div class=\"elementor-element elementor-element-6f9b1be elementor-column elementor-col-50 elementor-inner-column\" data-id=\"6f9b1be\" data-element_type=\"column\">\n\t\t\t<div class=\"elementor-column-wrap  elementor-element-populated\">\n\t\t\t\t\t<div class=\"elementor-widget-wrap\">\n\t\t\t\t<div class=\"elementor-element elementor-element-8002482 elementor-widget elementor-widget-text-editor\" data-id=\"8002482\" data-element_type=\"widget\" data-widget_type=\"text-editor.default\">\n\t\t\t\t<div class=\"elementor-widget-container\">\n\t\t\t\t\t<div class=\"elementor-text-editor elementor-clearfix\"><p>Bas\u00e9e en Angola, OG3S est une r\u00e9f\u00e9rence dans la maintenance et ing\u00e9nierie de l&rsquo;Oil &amp; Gas. En plus d&rsquo;une structure adapt\u00e9e, OG3S fait de la qualit\u00e9 de ses services une priorit\u00e9. Toutes les \u00e9quipes sont form\u00e9es en continu et sensibilis\u00e9es aux exigences des normes ISO 9001 et TS29001.<\/p><\/div>\n\t\t\t\t<\/div>\n\t\t\t\t<\/div>\n\t\t\t\t\t\t<\/div>\n\t\t\t<\/div>\n\t\t<\/div>\n\t\t\t\t<div class=\"elementor-element elementor-element-61a2c87 elementor-column elementor-col-50 elementor-inner-column\" data-id=\"61a2c87\" data-element_type=\"column\">\n\t\t\t<div class=\"elementor-column-wrap  elementor-element-populated\">\n\t\t\t\t\t<div class=\"elementor-widget-wrap\">\n\t\t\t\t<div class=\"elementor-element elementor-element-fd95232 elementor-widget elementor-widget-image\" data-id=\"fd95232\" data-element_type=\"widget\" data-widget_type=\"image.default\">\n\t\t\t\t<div class=\"elementor-widget-container\">\n\t\t\t\t\t<div class=\"elementor-image\">\n\t\t\t\t\t\t\t\t\t\t<img width=\"580\" height=\"319\" src=\"https:\/\/eurofiliales.sud-com-conseil.fr\/wp-content\/uploads\/2020\/11\/logo-og3s-1024x563.jpg\" class=\"attachment-large size-large\" alt=\"\" loading=\"lazy\" srcset=\"https:\/\/eurofiliales.sud-com-conseil.fr\/wp-content\/uploads\/2020\/11\/logo-og3s-1024x563.jpg 1024w, https:\/\/eurofiliales.sud-com-conseil.fr\/wp-content\/uploads\/2020\/11\/logo-og3s-300x165.jpg 300w, https:\/\/eurofiliales.sud-com-conseil.fr\/wp-content\/uploads\/2020\/11\/logo-og3s-768x422.jpg 768w, https:\/\/eurofiliales.sud-com-conseil.fr\/wp-content\/uploads\/2020\/11\/logo-og3s-1536x844.jpg 1536w, https:\/\/eurofiliales.sud-com-conseil.fr\/wp-content\/uploads\/2020\/11\/logo-og3s-2048x1126.jpg 2048w, https:\/\/eurofiliales.sud-com-conseil.fr\/wp-content\/uploads\/2020\/11\/logo-og3s-1200x660.jpg 1200w, https:\/\/eurofiliales.sud-com-conseil.fr\/wp-content\/uploads\/2020\/11\/logo-og3s-1980x1088.jpg 1980w\" sizes=\"(max-width: 580px) 100vw, 580px\" \/>\t\t\t\t\t\t\t\t\t\t\t<\/div>\n\t\t\t\t<\/div>\n\t\t\t\t<\/div>\n\t\t\t\t\t\t<\/div>\n\t\t\t<\/div>\n\t\t<\/div>\n\t\t\t\t\t\t<\/div>\n\t\t\t<\/div>\n\t\t<\/section>\n\t\t\t\t<div class=\"elementor-element elementor-element-e5afb9a elementor-widget elementor-widget-heading\" data-id=\"e5afb9a\" data-element_type=\"widget\" data-widget_type=\"heading.default\">\n\t\t\t\t<div class=\"elementor-widget-container\">\n\t\t\t<h3 class=\"elementor-heading-title elementor-size-default\">BNL<\/h3>\t\t<\/div>\n\t\t\t\t<\/div>\n\t\t\t\t<section class=\"elementor-element elementor-element-5aa6074 elementor-reverse-mobile elementor-section-boxed elementor-section-height-default elementor-section-height-default elementor-section elementor-inner-section\" data-id=\"5aa6074\" data-element_type=\"section\">\n\t\t\t\t\t\t<div class=\"elementor-container elementor-column-gap-default\">\n\t\t\t\t<div class=\"elementor-row\">\n\t\t\t\t<div class=\"elementor-element elementor-element-746c94f elementor-column elementor-col-50 elementor-inner-column\" data-id=\"746c94f\" data-element_type=\"column\">\n\t\t\t<div class=\"elementor-column-wrap  elementor-element-populated\">\n\t\t\t\t\t<div class=\"elementor-widget-wrap\">\n\t\t\t\t<div class=\"elementor-element elementor-element-e8f74f9 elementor-widget elementor-widget-image\" data-id=\"e8f74f9\" data-element_type=\"widget\" data-widget_type=\"image.default\">\n\t\t\t\t<div class=\"elementor-widget-container\">\n\t\t\t\t\t<div class=\"elementor-image\">\n\t\t\t\t\t\t\t\t\t\t<img width=\"300\" height=\"92\" src=\"https:\/\/eurofiliales.sud-com-conseil.fr\/wp-content\/uploads\/2020\/11\/Benkline-Logo-300x92.png\" class=\"attachment-medium size-medium\" alt=\"\" loading=\"lazy\" srcset=\"https:\/\/eurofiliales.sud-com-conseil.fr\/wp-content\/uploads\/2020\/11\/Benkline-Logo-300x92.png 300w, https:\/\/eurofiliales.sud-com-conseil.fr\/wp-content\/uploads\/2020\/11\/Benkline-Logo-768x234.png 768w, https:\/\/eurofiliales.sud-com-conseil.fr\/wp-content\/uploads\/2020\/11\/Benkline-Logo.png 816w\" sizes=\"(max-width: 300px) 100vw, 300px\" \/>\t\t\t\t\t\t\t\t\t\t\t<\/div>\n\t\t\t\t<\/div>\n\t\t\t\t<\/div>\n\t\t\t\t\t\t<\/div>\n\t\t\t<\/div>\n\t\t<\/div>\n\t\t\t\t<div class=\"elementor-element elementor-element-5a9de59 elementor-column elementor-col-50 elementor-inner-column\" data-id=\"5a9de59\" data-element_type=\"column\">\n\t\t\t<div class=\"elementor-column-wrap  elementor-element-populated\">\n\t\t\t\t\t<div class=\"elementor-widget-wrap\">\n\t\t\t\t<div class=\"elementor-element elementor-element-504118a elementor-widget elementor-widget-text-editor\" data-id=\"504118a\" data-element_type=\"widget\" data-widget_type=\"text-editor.default\">\n\t\t\t\t<div class=\"elementor-widget-container\">\n\t\t\t\t\t<div class=\"elementor-text-editor elementor-clearfix\"><p>Bas\u00e9e au Nig\u00e9ria, BENKLINE est un acteur renomm\u00e9 dans la p\u00e9trochimie depuis 1995. Des \u00e9quipes de techniciens exp\u00e9riment\u00e9s assurent tous les services n\u00e9cessaires aux activit\u00e9s de maintenance sur site ou en atelier.<\/p><\/div>\n\t\t\t\t<\/div>\n\t\t\t\t<\/div>\n\t\t\t\t\t\t<\/div>\n\t\t\t<\/div>\n\t\t<\/div>\n\t\t\t\t\t\t<\/div>\n\t\t\t<\/div>\n\t\t<\/section>\n\t\t\t\t<div class=\"elementor-element elementor-element-9f77473 elementor-widget elementor-widget-heading\" data-id=\"9f77473\" data-element_type=\"widget\" data-widget_type=\"heading.default\">\n\t\t\t\t<div class=\"elementor-widget-container\">\n\t\t\t<h3 class=\"elementor-heading-title elementor-size-default\">POS<\/h3>\t\t<\/div>\n\t\t\t\t<\/div>\n\t\t\t\t<section class=\"elementor-element elementor-element-b2d3b10 elementor-reverse-mobile elementor-section-boxed elementor-section-height-default elementor-section-height-default elementor-section elementor-inner-section\" data-id=\"b2d3b10\" data-element_type=\"section\">\n\t\t\t\t\t\t<div class=\"elementor-container elementor-column-gap-default\">\n\t\t\t\t<div class=\"elementor-row\">\n\t\t\t\t<div class=\"elementor-element elementor-element-8f026d2 elementor-column elementor-col-50 elementor-inner-column\" data-id=\"8f026d2\" data-element_type=\"column\">\n\t\t\t<div class=\"elementor-column-wrap  elementor-element-populated\">\n\t\t\t\t\t<div class=\"elementor-widget-wrap\">\n\t\t\t\t<div class=\"elementor-element elementor-element-8199c97 elementor-widget elementor-widget-text-editor\" data-id=\"8199c97\" data-element_type=\"widget\" data-widget_type=\"text-editor.default\">\n\t\t\t\t<div class=\"elementor-widget-container\">\n\t\t\t\t\t<div class=\"elementor-text-editor elementor-clearfix\"><p>Bas\u00e9e au Congo, Pump Oil Services est une filiale d&rsquo;Eurofiliales. Elle s&rsquo;appuie sur tout son savoir-faire et son exp\u00e9rience. Elle b\u00e9n\u00e9ficie en plus de son propre syst\u00e8me de management de la qualit\u00e9, ainsi qu&rsquo;une politique HSE des plus strictes. Toutes les \u00e9quipes POS s&rsquo;assurent des services d&rsquo;Eurofiliales pour la formation in-situ ou \u00e0 distance.<\/p><\/div>\n\t\t\t\t<\/div>\n\t\t\t\t<\/div>\n\t\t\t\t\t\t<\/div>\n\t\t\t<\/div>\n\t\t<\/div>\n\t\t\t\t<div class=\"elementor-element elementor-element-03c65e1 elementor-column elementor-col-50 elementor-inner-column\" data-id=\"03c65e1\" data-element_type=\"column\">\n\t\t\t<div class=\"elementor-column-wrap  elementor-element-populated\">\n\t\t\t\t\t<div class=\"elementor-widget-wrap\">\n\t\t\t\t<div class=\"elementor-element elementor-element-b812787 elementor-widget elementor-widget-image\" data-id=\"b812787\" data-element_type=\"widget\" data-widget_type=\"image.default\">\n\t\t\t\t<div class=\"elementor-widget-container\">\n\t\t\t\t\t<div class=\"elementor-image\">\n\t\t\t\t\t\t\t\t\t\t<img width=\"300\" height=\"210\" src=\"https:\/\/eurofiliales.sud-com-conseil.fr\/wp-content\/uploads\/2020\/11\/Logo-POS-300x210.png\" class=\"attachment-medium size-medium\" alt=\"\" loading=\"lazy\" srcset=\"https:\/\/eurofiliales.sud-com-conseil.fr\/wp-content\/uploads\/2020\/11\/Logo-POS-300x210.png 300w, https:\/\/eurofiliales.sud-com-conseil.fr\/wp-content\/uploads\/2020\/11\/Logo-POS-1024x717.png 1024w, https:\/\/eurofiliales.sud-com-conseil.fr\/wp-content\/uploads\/2020\/11\/Logo-POS-768x538.png 768w, https:\/\/eurofiliales.sud-com-conseil.fr\/wp-content\/uploads\/2020\/11\/Logo-POS-1536x1076.png 1536w, https:\/\/eurofiliales.sud-com-conseil.fr\/wp-content\/uploads\/2020\/11\/Logo-POS-2048x1434.png 2048w, https:\/\/eurofiliales.sud-com-conseil.fr\/wp-content\/uploads\/2020\/11\/Logo-POS-1200x840.png 1200w, https:\/\/eurofiliales.sud-com-conseil.fr\/wp-content\/uploads\/2020\/11\/Logo-POS-1980x1387.png 1980w\" sizes=\"(max-width: 300px) 100vw, 300px\" \/>\t\t\t\t\t\t\t\t\t\t\t<\/div>\n\t\t\t\t<\/div>\n\t\t\t\t<\/div>\n\t\t\t\t\t\t<\/div>\n\t\t\t<\/div>\n\t\t<\/div>\n\t\t\t\t\t\t<\/div>\n\t\t\t<\/div>\n\t\t<\/section>\n\t\t\t\t\t\t<\/div>\n\t\t\t<\/div>\n\t\t<\/div>\n\t\t\t\t\t\t<\/div>\n\t\t\t<\/div>\n\t\t<\/section>\n\t\t\t\t\t\t<\/div>\n\t\t\t<\/div>\n\t\t<\/div>","protected":false},"excerpt":{"rendered":"<p>TB Holding TBH TB Holding\u00a0est un groupe industriel r\u00e9unissant Eurofiliales et les m\u00e9tiers n\u00e9cessaires \u00e0 une production efficace, rapide et \u00e0 un service de qualit\u00e9 pour satisfaire ses clients. Produit d\u2019une int\u00e9gration verticale, TBH couvre donc tous les maillons de la r\u00e9paration des machines tournantes et des moteurs \u00e9lectriques ou diesel : fonderie, usinage, r\u00e9paration,\u2026 [&hellip;]<\/p>","protected":false},"author":1,"featured_media":450,"parent":0,"menu_order":0,"comment_status":"closed","ping_status":"closed","template":"elementor_header_footer","meta":[],"_links":{"self":[{"href":"https:\/\/eurofiliales.sud-com-conseil.fr\/en\/wp-json\/wp\/v2\/pages\/172"}],"collection":[{"href":"https:\/\/eurofiliales.sud-com-conseil.fr\/en\/wp-json\/wp\/v2\/pages"}],"about":[{"href":"https:\/\/eurofiliales.sud-com-conseil.fr\/en\/wp-json\/wp\/v2\/types\/page"}],"author":[{"embeddable":true,"href":"https:\/\/eurofiliales.sud-com-conseil.fr\/en\/wp-json\/wp\/v2\/users\/1"}],"replies":[{"embeddable":true,"href":"https:\/\/eurofiliales.sud-com-conseil.fr\/en\/wp-json\/wp\/v2\/comments?post=172"}],"version-history":[{"count":12,"href":"https:\/\/eurofiliales.sud-com-conseil.fr\/en\/wp-json\/wp\/v2\/pages\/172\/revisions"}],"predecessor-version":[{"id":1010,"href":"https:\/\/eurofiliales.sud-com-conseil.fr\/en\/wp-json\/wp\/v2\/pages\/172\/revisions\/1010"}],"wp:featuredmedia":[{"embeddable":true,"href":"https:\/\/eurofiliales.sud-com-conseil.fr\/en\/wp-json\/wp\/v2\/media\/450"}],"wp:attachment":[{"href":"https:\/\/eurofiliales.sud-com-conseil.fr\/en\/wp-json\/wp\/v2\/media?parent=172"}],"curies":[{"name":"wp","href":"https:\/\/api.w.org\/{rel}","templated":true}]}}