{"id":53,"date":"2020-07-16T23:52:22","date_gmt":"2020-07-16T21:52:22","guid":{"rendered":"http:\/\/eurofiliales.sud-com-conseil.fr\/?page_id=53"},"modified":"2020-10-08T22:37:25","modified_gmt":"2020-10-08T20:37:25","slug":"nos-produits","status":"publish","type":"page","link":"https:\/\/eurofiliales.sud-com-conseil.fr\/en\/produits-et-services\/nos-produits\/","title":{"rendered":"Our Products"},"content":{"rendered":"<div data-elementor-type=\"wp-page\" data-elementor-id=\"53\" class=\"elementor elementor-53\" data-elementor-settings=\"[]\">\n\t\t\t<div class=\"elementor-inner\">\n\t\t\t\t<div class=\"elementor-section-wrap\">\n\t\t\t\t\t\t\t<section class=\"elementor-element elementor-element-075ecde elementor-section-boxed elementor-section-height-default elementor-section-height-default elementor-section elementor-top-section\" data-id=\"075ecde\" data-element_type=\"section\">\n\t\t\t\t\t\t<div class=\"elementor-container elementor-column-gap-default\">\n\t\t\t\t<div class=\"elementor-row\">\n\t\t\t\t<div class=\"elementor-element elementor-element-67924e1 elementor-column elementor-col-100 elementor-top-column\" data-id=\"67924e1\" data-element_type=\"column\">\n\t\t\t<div class=\"elementor-column-wrap  elementor-element-populated\">\n\t\t\t\t\t<div class=\"elementor-widget-wrap\">\n\t\t\t\t<div class=\"elementor-element elementor-element-dfa1882 elementor-widget elementor-widget-heading\" data-id=\"dfa1882\" data-element_type=\"widget\" data-widget_type=\"heading.default\">\n\t\t\t\t<div class=\"elementor-widget-container\">\n\t\t\t<h2 class=\"elementor-heading-title elementor-size-default\">Our products<\/h2>\t\t<\/div>\n\t\t\t\t<\/div>\n\t\t\t\t\t\t<\/div>\n\t\t\t<\/div>\n\t\t<\/div>\n\t\t\t\t\t\t<\/div>\n\t\t\t<\/div>\n\t\t<\/section>\n\t\t\t\t<section class=\"elementor-element elementor-element-d496d54 elementor-section-boxed elementor-section-height-default elementor-section-height-default elementor-section elementor-top-section\" data-id=\"d496d54\" data-element_type=\"section\">\n\t\t\t\t\t\t<div class=\"elementor-container elementor-column-gap-default\">\n\t\t\t\t<div class=\"elementor-row\">\n\t\t\t\t<div class=\"elementor-element elementor-element-86a6f71 elementor-column elementor-col-100 elementor-top-column\" data-id=\"86a6f71\" data-element_type=\"column\">\n\t\t\t<div class=\"elementor-column-wrap  elementor-element-populated\">\n\t\t\t\t\t<div class=\"elementor-widget-wrap\">\n\t\t\t\t<div class=\"elementor-element elementor-element-91c3b2f elementor-widget elementor-widget-text-editor\" data-id=\"91c3b2f\" data-element_type=\"widget\" data-widget_type=\"text-editor.default\">\n\t\t\t\t<div class=\"elementor-widget-container\">\n\t\t\t\t\t<div class=\"elementor-text-editor elementor-clearfix\"><p>Fabrication de pi\u00e8ces de rechange adaptables<\/p><p>R\u00e9paration de pompes centrifuges avec diagnostic sur site, maintenance pr\u00e9dictive et planification des interventions<\/p><p>Revamping\u00a0: Am\u00e9lioration des performances<\/p><p>Survey\u00a0: techniques d\u2019\u00e9valuation des potentiels des machines avec surveillance des performances<\/p><p>Support maintenance\u00a0: contr\u00f4le, diagnostic et support \u00e0 distance avec correction pr\u00e9dictive et pr\u00e9ventive<\/p><p>Distributor of new pumps\u00a0<b>ISO 5199<\/b><\/p><p>Nous pouvons proposer une large gamme de pompes correspondant \u00e0 la norme\u00a0<b>API 610<\/b>:<\/p><ul type=\"disc\"><li>Pompes normalis\u00e9es de 1 \u00e0 10.000 m3\/h<\/li><li>Pompes horizontales et verticales<\/li><li>Pompes\u00a0 mono et multi cellulaires<\/li><\/ul><\/div>\n\t\t\t\t<\/div>\n\t\t\t\t<\/div>\n\t\t\t\t\t\t<\/div>\n\t\t\t<\/div>\n\t\t<\/div>\n\t\t\t\t\t\t<\/div>\n\t\t\t<\/div>\n\t\t<\/section>\n\t\t\t\t\t\t<\/div>\n\t\t\t<\/div>\n\t\t<\/div>","protected":false},"excerpt":{"rendered":"<p>Nos produits Fabrication de pi\u00e8ces de rechange adaptables R\u00e9paration de pompes centrifuges avec diagnostic sur site, maintenance pr\u00e9dictive et planification des interventions Revamping&nbsp;: Am\u00e9lioration des performances Survey&nbsp;: techniques d\u2019\u00e9valuation des potentiels des machines avec surveillance des performances Support maintenance&nbsp;: contr\u00f4le, diagnostic et support \u00e0 distance avec correction pr\u00e9dictive et pr\u00e9ventive Distributeur de pompes neuves&nbsp;ISO 5199 [&hellip;]<\/p>","protected":false},"author":1,"featured_media":0,"parent":181,"menu_order":0,"comment_status":"closed","ping_status":"closed","template":"elementor_header_footer","meta":[],"_links":{"self":[{"href":"https:\/\/eurofiliales.sud-com-conseil.fr\/en\/wp-json\/wp\/v2\/pages\/53"}],"collection":[{"href":"https:\/\/eurofiliales.sud-com-conseil.fr\/en\/wp-json\/wp\/v2\/pages"}],"about":[{"href":"https:\/\/eurofiliales.sud-com-conseil.fr\/en\/wp-json\/wp\/v2\/types\/page"}],"author":[{"embeddable":true,"href":"https:\/\/eurofiliales.sud-com-conseil.fr\/en\/wp-json\/wp\/v2\/users\/1"}],"replies":[{"embeddable":true,"href":"https:\/\/eurofiliales.sud-com-conseil.fr\/en\/wp-json\/wp\/v2\/comments?post=53"}],"version-history":[{"count":3,"href":"https:\/\/eurofiliales.sud-com-conseil.fr\/en\/wp-json\/wp\/v2\/pages\/53\/revisions"}],"predecessor-version":[{"id":656,"href":"https:\/\/eurofiliales.sud-com-conseil.fr\/en\/wp-json\/wp\/v2\/pages\/53\/revisions\/656"}],"up":[{"embeddable":true,"href":"https:\/\/eurofiliales.sud-com-conseil.fr\/en\/wp-json\/wp\/v2\/pages\/181"}],"wp:attachment":[{"href":"https:\/\/eurofiliales.sud-com-conseil.fr\/en\/wp-json\/wp\/v2\/media?parent=53"}],"curies":[{"name":"wp","href":"https:\/\/api.w.org\/{rel}","templated":true}]}}