{"id":67,"date":"2020-07-17T00:47:39","date_gmt":"2020-07-16T22:47:39","guid":{"rendered":"http:\/\/eurofiliales.sud-com-conseil.fr\/?page_id=67"},"modified":"2021-01-11T22:39:14","modified_gmt":"2021-01-11T21:39:14","slug":"accueil","status":"publish","type":"page","link":"https:\/\/eurofiliales.sud-com-conseil.fr\/en\/","title":{"rendered":"Home"},"content":{"rendered":"<div data-elementor-type=\"wp-page\" data-elementor-id=\"67\" class=\"elementor elementor-67\" data-elementor-settings=\"[]\">\n\t\t\t<div class=\"elementor-inner\">\n\t\t\t\t<div class=\"elementor-section-wrap\">\n\t\t\t\t\t\t\t<section class=\"elementor-element elementor-element-6e60ef6 elementor-section-boxed elementor-section-height-default elementor-section-height-default elementor-section elementor-top-section\" data-id=\"6e60ef6\" data-element_type=\"section\">\n\t\t\t\t\t\t<div class=\"elementor-container elementor-column-gap-default\">\n\t\t\t\t<div class=\"elementor-row\">\n\t\t\t\t<div class=\"elementor-element elementor-element-7a4d981 elementor-column elementor-col-100 elementor-top-column\" data-id=\"7a4d981\" data-element_type=\"column\">\n\t\t\t<div class=\"elementor-column-wrap  elementor-element-populated\">\n\t\t\t\t\t<div class=\"elementor-widget-wrap\">\n\t\t\t\t<div class=\"elementor-element elementor-element-8d20aa5 elementor-skin-carousel elementor-widget elementor-widget-media-carousel\" data-id=\"8d20aa5\" data-element_type=\"widget\" data-settings=\"{&quot;effect&quot;:&quot;fade&quot;,&quot;autoplay_speed&quot;:1500,&quot;skin&quot;:&quot;carousel&quot;,&quot;speed&quot;:500,&quot;autoplay&quot;:&quot;yes&quot;,&quot;loop&quot;:&quot;yes&quot;,&quot;pause_on_hover&quot;:&quot;yes&quot;,&quot;pause_on_interaction&quot;:&quot;yes&quot;,&quot;space_between&quot;:{&quot;unit&quot;:&quot;px&quot;,&quot;size&quot;:10,&quot;sizes&quot;:[]},&quot;space_between_tablet&quot;:{&quot;unit&quot;:&quot;px&quot;,&quot;size&quot;:10,&quot;sizes&quot;:[]},&quot;space_between_mobile&quot;:{&quot;unit&quot;:&quot;px&quot;,&quot;size&quot;:10,&quot;sizes&quot;:[]}}\" data-widget_type=\"media-carousel.default\">\n\t\t\t\t<div class=\"elementor-widget-container\">\n\t\t\t\t\t<div class=\"elementor-swiper\">\n\t\t\t<div class=\"elementor-main-swiper swiper-container\">\n\t\t\t\t<div class=\"swiper-wrapper\">\n\t\t\t\t\t\t\t\t\t\t\t<div class=\"swiper-slide\">\n\t\t\t\t\t\t\t\t\t<div class=\"elementor-carousel-image\" style=\"background-image: url(https:\/\/eurofiliales.sud-com-conseil.fr\/wp-content\/uploads\/2020\/09\/HPIM1382-scaled.jpg)\">\n\t\t\t\t\t<\/div>\n\t\t\t\t\t\t\t\t<\/div>\n\t\t\t\t\t\t\t\t\t\t\t<div class=\"swiper-slide\">\n\t\t\t\t\t\t\t\t\t<div class=\"elementor-carousel-image\" style=\"background-image: url(https:\/\/eurofiliales.sud-com-conseil.fr\/wp-content\/uploads\/2020\/09\/IMGP0157-scaled.jpg)\">\n\t\t\t\t\t<\/div>\n\t\t\t\t\t\t\t\t<\/div>\n\t\t\t\t\t\t\t\t\t\t\t<div class=\"swiper-slide\">\n\t\t\t\t\t\t\t\t\t<div class=\"elementor-carousel-image\" style=\"background-image: url(https:\/\/eurofiliales.sud-com-conseil.fr\/wp-content\/uploads\/2020\/09\/HPIM8159.jpg)\">\n\t\t\t\t\t<\/div>\n\t\t\t\t\t\t\t\t<\/div>\n\t\t\t\t\t\t\t\t\t\t\t<div class=\"swiper-slide\">\n\t\t\t\t\t\t\t\t\t<div class=\"elementor-carousel-image\" style=\"background-image: url(https:\/\/eurofiliales.sud-com-conseil.fr\/wp-content\/uploads\/2020\/09\/nig.jpg)\">\n\t\t\t\t\t<\/div>\n\t\t\t\t\t\t\t\t<\/div>\n\t\t\t\t\t\t\t\t\t\t\t<div class=\"swiper-slide\">\n\t\t\t\t\t\t\t\t\t<div class=\"elementor-carousel-image\" style=\"background-image: url(https:\/\/eurofiliales.sud-com-conseil.fr\/wp-content\/uploads\/2020\/09\/IMGP0976-scaled.jpg)\">\n\t\t\t\t\t<\/div>\n\t\t\t\t\t\t\t\t<\/div>\n\t\t\t\t\t\t\t\t\t\t\t<div class=\"swiper-slide\">\n\t\t\t\t\t\t\t\t\t<div class=\"elementor-carousel-image\" style=\"background-image: url(https:\/\/eurofiliales.sud-com-conseil.fr\/wp-content\/uploads\/2020\/10\/Workshop-EF.jpg)\">\n\t\t\t\t\t<\/div>\n\t\t\t\t\t\t\t\t<\/div>\n\t\t\t\t\t\t\t\t\t\t\t<div class=\"swiper-slide\">\n\t\t\t\t\t\t\t\t\t<div class=\"elementor-carousel-image\" style=\"background-image: url(https:\/\/eurofiliales.sud-com-conseil.fr\/wp-content\/uploads\/2020\/11\/IMG_0374.jpg)\">\n\t\t\t\t\t<\/div>\n\t\t\t\t\t\t\t\t<\/div>\n\t\t\t\t\t\t\t\t\t<\/div>\n\t\t\t\t\t\t\t\t\t\t\t\t\t\t\t\t\t\t\t\t\t<\/div>\n\t\t<\/div>\n\t\t\t\t<\/div>\n\t\t\t\t<\/div>\n\t\t\t\t\t\t<\/div>\n\t\t\t<\/div>\n\t\t<\/div>\n\t\t\t\t\t\t<\/div>\n\t\t\t<\/div>\n\t\t<\/section>\n\t\t\t\t<section class=\"elementor-element elementor-element-4b31bbb elementor-section-full_width elementor-section-height-default elementor-section-height-default elementor-section elementor-top-section\" data-id=\"4b31bbb\" data-element_type=\"section\">\n\t\t\t\t\t\t<div class=\"elementor-container elementor-column-gap-default\">\n\t\t\t\t<div class=\"elementor-row\">\n\t\t\t\t<div class=\"elementor-element elementor-element-fd7b336 elementor-column elementor-col-100 elementor-top-column\" data-id=\"fd7b336\" data-element_type=\"column\" data-settings=\"{&quot;background_background&quot;:&quot;classic&quot;}\">\n\t\t\t<div class=\"elementor-column-wrap  elementor-element-populated\">\n\t\t\t\t\t<div class=\"elementor-widget-wrap\">\n\t\t\t\t<div class=\"elementor-element elementor-element-ba5e655 elementor-blockquote--skin-quotation elementor-blockquote--align-center elementor-blockquote--button-color-official elementor-widget elementor-widget-blockquote\" data-id=\"ba5e655\" data-element_type=\"widget\" data-widget_type=\"blockquote.default\">\n\t\t\t\t<div class=\"elementor-widget-container\">\n\t\t\t\t\t<blockquote class=\"elementor-blockquote\">\n\t\t\t<p class=\"elementor-blockquote__content\">\n\t\t\t\tUne \u00e9quipe de sp\u00e9cialistes en machines tournantes se tient \u00e0 votre disposition pour analyser votre besoin et vous proposer des solutions durables\t\t\t<\/p>\n\t\t\t\t\t<\/blockquote>\n\t\t\t\t<\/div>\n\t\t\t\t<\/div>\n\t\t\t\t\t\t<\/div>\n\t\t\t<\/div>\n\t\t<\/div>\n\t\t\t\t\t\t<\/div>\n\t\t\t<\/div>\n\t\t<\/section>\n\t\t\t\t<section class=\"elementor-element elementor-element-1c5ddf9 elementor-section-boxed elementor-section-height-default elementor-section-height-default elementor-section elementor-top-section\" data-id=\"1c5ddf9\" data-element_type=\"section\">\n\t\t\t\t\t\t<div class=\"elementor-container elementor-column-gap-default\">\n\t\t\t\t<div class=\"elementor-row\">\n\t\t\t\t<div class=\"elementor-element elementor-element-abe6d52 elementor-column elementor-col-50 elementor-top-column\" data-id=\"abe6d52\" data-element_type=\"column\">\n\t\t\t<div class=\"elementor-column-wrap  elementor-element-populated\">\n\t\t\t\t\t<div class=\"elementor-widget-wrap\">\n\t\t\t\t<div class=\"elementor-element elementor-element-95bd837 elementor-widget elementor-widget-heading\" data-id=\"95bd837\" data-element_type=\"widget\" data-widget_type=\"heading.default\">\n\t\t\t\t<div class=\"elementor-widget-container\">\n\t\t\t<h2 class=\"elementor-heading-title elementor-size-xl\">  Quality products and services for a high-end service   <\/h2>\t\t<\/div>\n\t\t\t\t<\/div>\n\t\t\t\t\t\t<\/div>\n\t\t\t<\/div>\n\t\t<\/div>\n\t\t\t\t<div class=\"elementor-element elementor-element-23c35ed elementor-column elementor-col-50 elementor-top-column\" data-id=\"23c35ed\" data-element_type=\"column\">\n\t\t\t<div class=\"elementor-column-wrap  elementor-element-populated\">\n\t\t\t\t\t<div class=\"elementor-widget-wrap\">\n\t\t\t\t<div class=\"elementor-element elementor-element-2894754 elementor-position-top elementor-vertical-align-top elementor-widget elementor-widget-image-box\" data-id=\"2894754\" data-element_type=\"widget\" data-widget_type=\"image-box.default\">\n\t\t\t\t<div class=\"elementor-widget-container\">\n\t\t\t<div class=\"elementor-image-box-wrapper\"><figure class=\"elementor-image-box-img\"><a href=\"https:\/\/eurofiliales.sud-com-conseil.fr\/en\/produits-et-services\/nos-produits\/\"><img width=\"580\" height=\"435\" src=\"https:\/\/eurofiliales.sud-com-conseil.fr\/wp-content\/uploads\/2020\/09\/transmission-remis-en-etat-multiplicateur-maag-1024x768.jpg\" class=\"elementor-animation-grow-rotate attachment-large size-large\" alt=\"\" loading=\"lazy\" srcset=\"https:\/\/eurofiliales.sud-com-conseil.fr\/wp-content\/uploads\/2020\/09\/transmission-remis-en-etat-multiplicateur-maag-1024x768.jpg 1024w, https:\/\/eurofiliales.sud-com-conseil.fr\/wp-content\/uploads\/2020\/09\/transmission-remis-en-etat-multiplicateur-maag-300x225.jpg 300w, https:\/\/eurofiliales.sud-com-conseil.fr\/wp-content\/uploads\/2020\/09\/transmission-remis-en-etat-multiplicateur-maag-768x576.jpg 768w, https:\/\/eurofiliales.sud-com-conseil.fr\/wp-content\/uploads\/2020\/09\/transmission-remis-en-etat-multiplicateur-maag-1536x1152.jpg 1536w, https:\/\/eurofiliales.sud-com-conseil.fr\/wp-content\/uploads\/2020\/09\/transmission-remis-en-etat-multiplicateur-maag-1200x900.jpg 1200w, https:\/\/eurofiliales.sud-com-conseil.fr\/wp-content\/uploads\/2020\/09\/transmission-remis-en-etat-multiplicateur-maag-1980x1485.jpg 1980w, https:\/\/eurofiliales.sud-com-conseil.fr\/wp-content\/uploads\/2020\/09\/transmission-remis-en-etat-multiplicateur-maag.jpg 2048w\" sizes=\"(max-width: 580px) 100vw, 580px\" \/><\/a><\/figure><div class=\"elementor-image-box-content\"><h3 class=\"elementor-image-box-title\"><a href=\"https:\/\/eurofiliales.sud-com-conseil.fr\/en\/produits-et-services\/nos-produits\/\">Our products<\/a><\/h3><\/div><\/div>\t\t<\/div>\n\t\t\t\t<\/div>\n\t\t\t\t\t\t<\/div>\n\t\t\t<\/div>\n\t\t<\/div>\n\t\t\t\t\t\t<\/div>\n\t\t\t<\/div>\n\t\t<\/section>\n\t\t\t\t<section class=\"elementor-element elementor-element-81cfb9d elementor-section-boxed elementor-section-height-default elementor-section-height-default elementor-section elementor-top-section\" data-id=\"81cfb9d\" data-element_type=\"section\">\n\t\t\t\t\t\t<div class=\"elementor-container elementor-column-gap-default\">\n\t\t\t\t<div class=\"elementor-row\">\n\t\t\t\t<div class=\"elementor-element elementor-element-a6bcf12 elementor-column elementor-col-50 elementor-top-column\" data-id=\"a6bcf12\" data-element_type=\"column\">\n\t\t\t<div class=\"elementor-column-wrap  elementor-element-populated\">\n\t\t\t\t\t<div class=\"elementor-widget-wrap\">\n\t\t\t\t<div class=\"elementor-element elementor-element-5fce66f elementor-position-top elementor-vertical-align-top elementor-widget elementor-widget-image-box\" data-id=\"5fce66f\" data-element_type=\"widget\" data-widget_type=\"image-box.default\">\n\t\t\t\t<div class=\"elementor-widget-container\">\n\t\t\t<div class=\"elementor-image-box-wrapper\"><figure class=\"elementor-image-box-img\"><a href=\"https:\/\/eurofiliales.sud-com-conseil.fr\/en\/produits-et-services\/conseils-et-etudes\/\"><img width=\"580\" height=\"387\" src=\"https:\/\/eurofiliales.sud-com-conseil.fr\/wp-content\/uploads\/2020\/07\/IMG_0241.jpg\" class=\"elementor-animation-grow-rotate attachment-large size-large\" alt=\"\" loading=\"lazy\" srcset=\"https:\/\/eurofiliales.sud-com-conseil.fr\/wp-content\/uploads\/2020\/07\/IMG_0241.jpg 600w, https:\/\/eurofiliales.sud-com-conseil.fr\/wp-content\/uploads\/2020\/07\/IMG_0241-300x200.jpg 300w\" sizes=\"(max-width: 580px) 100vw, 580px\" \/><\/a><\/figure><div class=\"elementor-image-box-content\"><h3 class=\"elementor-image-box-title\"><a href=\"https:\/\/eurofiliales.sud-com-conseil.fr\/en\/produits-et-services\/conseils-et-etudes\/\">Study and advice<\/a><\/h3><\/div><\/div>\t\t<\/div>\n\t\t\t\t<\/div>\n\t\t\t\t\t\t<\/div>\n\t\t\t<\/div>\n\t\t<\/div>\n\t\t\t\t<div class=\"elementor-element elementor-element-1cbf147 elementor-column elementor-col-50 elementor-top-column\" data-id=\"1cbf147\" data-element_type=\"column\">\n\t\t\t<div class=\"elementor-column-wrap  elementor-element-populated\">\n\t\t\t\t\t<div class=\"elementor-widget-wrap\">\n\t\t\t\t<div class=\"elementor-element elementor-element-bf4920f elementor-position-top elementor-vertical-align-top elementor-widget elementor-widget-image-box\" data-id=\"bf4920f\" data-element_type=\"widget\" data-widget_type=\"image-box.default\">\n\t\t\t\t<div class=\"elementor-widget-container\">\n\t\t\t<div class=\"elementor-image-box-wrapper\"><figure class=\"elementor-image-box-img\"><a href=\"https:\/\/eurofiliales.sud-com-conseil.fr\/en\/produits-et-services\/interventions-et-maintenance\/\"><img width=\"580\" height=\"435\" src=\"https:\/\/eurofiliales.sud-com-conseil.fr\/wp-content\/uploads\/2021\/01\/HPIM3147_resultat-1024x768.jpg\" class=\"elementor-animation-grow-rotate attachment-large size-large\" alt=\"\" loading=\"lazy\" srcset=\"https:\/\/eurofiliales.sud-com-conseil.fr\/wp-content\/uploads\/2021\/01\/HPIM3147_resultat-1024x768.jpg 1024w, https:\/\/eurofiliales.sud-com-conseil.fr\/wp-content\/uploads\/2021\/01\/HPIM3147_resultat-300x225.jpg 300w, https:\/\/eurofiliales.sud-com-conseil.fr\/wp-content\/uploads\/2021\/01\/HPIM3147_resultat-768x576.jpg 768w, https:\/\/eurofiliales.sud-com-conseil.fr\/wp-content\/uploads\/2021\/01\/HPIM3147_resultat-1536x1152.jpg 1536w, https:\/\/eurofiliales.sud-com-conseil.fr\/wp-content\/uploads\/2021\/01\/HPIM3147_resultat-2048x1536.jpg 2048w, https:\/\/eurofiliales.sud-com-conseil.fr\/wp-content\/uploads\/2021\/01\/HPIM3147_resultat-1200x900.jpg 1200w, https:\/\/eurofiliales.sud-com-conseil.fr\/wp-content\/uploads\/2021\/01\/HPIM3147_resultat-1980x1485.jpg 1980w\" sizes=\"(max-width: 580px) 100vw, 580px\" \/><\/a><\/figure><div class=\"elementor-image-box-content\"><h3 class=\"elementor-image-box-title\"><a href=\"https:\/\/eurofiliales.sud-com-conseil.fr\/en\/produits-et-services\/interventions-et-maintenance\/\">Maintenance<\/a><\/h3><\/div><\/div>\t\t<\/div>\n\t\t\t\t<\/div>\n\t\t\t\t\t\t<\/div>\n\t\t\t<\/div>\n\t\t<\/div>\n\t\t\t\t\t\t<\/div>\n\t\t\t<\/div>\n\t\t<\/section>\n\t\t\t\t<section class=\"elementor-element elementor-element-0385f6d elementor-section-full_width elementor-section-height-default elementor-section-height-default elementor-section elementor-top-section\" data-id=\"0385f6d\" data-element_type=\"section\" data-settings=\"{&quot;background_background&quot;:&quot;classic&quot;}\">\n\t\t\t\t\t\t<div class=\"elementor-container elementor-column-gap-default\">\n\t\t\t\t<div class=\"elementor-row\">\n\t\t\t\t<div class=\"elementor-element elementor-element-9652ae7 elementor-column elementor-col-25 elementor-top-column\" data-id=\"9652ae7\" data-element_type=\"column\" data-settings=\"{&quot;background_background&quot;:&quot;classic&quot;}\">\n\t\t\t<div class=\"elementor-column-wrap\">\n\t\t\t\t\t<div class=\"elementor-widget-wrap\">\n\t\t\t\t\t\t<\/div>\n\t\t\t<\/div>\n\t\t<\/div>\n\t\t\t\t<div class=\"elementor-element elementor-element-b67126a elementor-column elementor-col-25 elementor-top-column\" data-id=\"b67126a\" data-element_type=\"column\">\n\t\t\t<div class=\"elementor-column-wrap  elementor-element-populated\">\n\t\t\t\t\t<div class=\"elementor-widget-wrap\">\n\t\t\t\t<div class=\"elementor-element elementor-element-54632ae elementor-widget elementor-widget-heading\" data-id=\"54632ae\" data-element_type=\"widget\" data-widget_type=\"heading.default\">\n\t\t\t\t<div class=\"elementor-widget-container\">\n\t\t\t<h2 class=\"elementor-heading-title elementor-size-default\">Why us ?<br><\/h2>\t\t<\/div>\n\t\t\t\t<\/div>\n\t\t\t\t<div class=\"elementor-element elementor-element-ca2ea6c elementor-widget elementor-widget-text-editor\" data-id=\"ca2ea6c\" data-element_type=\"widget\" data-widget_type=\"text-editor.default\">\n\t\t\t\t<div class=\"elementor-widget-container\">\n\t\t\t\t\t<div class=\"elementor-text-editor elementor-clearfix\"><p><strong>OUR DETERMINATION: TO HELP YOU FIND SOLUTIONS.<br \/><\/strong><\/p><ul><li>Une \u00e9quipe comp\u00e9tente et engag\u00e9e<\/li><li>High precision equipment<\/li><li>Intervention partout dans le monde<\/li><\/ul><\/div>\n\t\t\t\t<\/div>\n\t\t\t\t<\/div>\n\t\t\t\t\t\t<\/div>\n\t\t\t<\/div>\n\t\t<\/div>\n\t\t\t\t<div class=\"elementor-element elementor-element-0672a50 elementor-column elementor-col-25 elementor-top-column\" data-id=\"0672a50\" data-element_type=\"column\">\n\t\t\t<div class=\"elementor-column-wrap  elementor-element-populated\">\n\t\t\t\t\t<div class=\"elementor-widget-wrap\">\n\t\t\t\t<div class=\"elementor-element elementor-element-9190d77 elementor-widget elementor-widget-image\" data-id=\"9190d77\" data-element_type=\"widget\" data-widget_type=\"image.default\">\n\t\t\t\t<div class=\"elementor-widget-container\">\n\t\t\t\t\t<div class=\"elementor-image\">\n\t\t\t\t\t\t\t\t\t\t<img width=\"580\" height=\"483\" src=\"https:\/\/eurofiliales.sud-com-conseil.fr\/wp-content\/uploads\/2020\/10\/Sans-titre-1-2-1024x853.png\" class=\"attachment-large size-large\" alt=\"\" loading=\"lazy\" srcset=\"https:\/\/eurofiliales.sud-com-conseil.fr\/wp-content\/uploads\/2020\/10\/Sans-titre-1-2-1024x853.png 1024w, https:\/\/eurofiliales.sud-com-conseil.fr\/wp-content\/uploads\/2020\/10\/Sans-titre-1-2-300x250.png 300w, https:\/\/eurofiliales.sud-com-conseil.fr\/wp-content\/uploads\/2020\/10\/Sans-titre-1-2-768x640.png 768w, https:\/\/eurofiliales.sud-com-conseil.fr\/wp-content\/uploads\/2020\/10\/Sans-titre-1-2.png 1200w\" sizes=\"(max-width: 580px) 100vw, 580px\" \/>\t\t\t\t\t\t\t\t\t\t\t<\/div>\n\t\t\t\t<\/div>\n\t\t\t\t<\/div>\n\t\t\t\t\t\t<\/div>\n\t\t\t<\/div>\n\t\t<\/div>\n\t\t\t\t<div class=\"elementor-element elementor-element-bb06622 elementor-column elementor-col-25 elementor-top-column\" data-id=\"bb06622\" data-element_type=\"column\">\n\t\t\t<div class=\"elementor-column-wrap\">\n\t\t\t\t\t<div class=\"elementor-widget-wrap\">\n\t\t\t\t\t\t<\/div>\n\t\t\t<\/div>\n\t\t<\/div>\n\t\t\t\t\t\t<\/div>\n\t\t\t<\/div>\n\t\t<\/section>\n\t\t\t\t<section class=\"elementor-element elementor-element-3c835d0 elementor-section-boxed elementor-section-height-default elementor-section-height-default elementor-section elementor-top-section\" data-id=\"3c835d0\" data-element_type=\"section\">\n\t\t\t\t\t\t<div class=\"elementor-container elementor-column-gap-default\">\n\t\t\t\t<div class=\"elementor-row\">\n\t\t\t\t<div class=\"elementor-element elementor-element-e6e338a elementor-column elementor-col-100 elementor-top-column\" data-id=\"e6e338a\" data-element_type=\"column\">\n\t\t\t<div class=\"elementor-column-wrap\">\n\t\t\t\t\t<div class=\"elementor-widget-wrap\">\n\t\t\t\t\t\t<\/div>\n\t\t\t<\/div>\n\t\t<\/div>\n\t\t\t\t\t\t<\/div>\n\t\t\t<\/div>\n\t\t<\/section>\n\t\t\t\t\t\t<\/div>\n\t\t\t<\/div>\n\t\t<\/div>","protected":false},"excerpt":{"rendered":"<p>Une \u00e9quipe de sp\u00e9cialistes en machines tournantes se tient \u00e0 votre disposition pour analyser votre besoin et vous proposer des solutions durables Des Produits et prestations de qualit\u00e9 pour un service Haut de Gamme Nos produits Conseils et \u00e9tudes Maintenance Pourquoi nous ? NOTRE DETERMINATION : VOUS AIDER A TROUVER DES SOLUTIONS. Une \u00e9quipe comp\u00e9tente [&hellip;]<\/p>","protected":false},"author":1,"featured_media":0,"parent":0,"menu_order":0,"comment_status":"closed","ping_status":"closed","template":"elementor_header_footer","meta":[],"_links":{"self":[{"href":"https:\/\/eurofiliales.sud-com-conseil.fr\/en\/wp-json\/wp\/v2\/pages\/67"}],"collection":[{"href":"https:\/\/eurofiliales.sud-com-conseil.fr\/en\/wp-json\/wp\/v2\/pages"}],"about":[{"href":"https:\/\/eurofiliales.sud-com-conseil.fr\/en\/wp-json\/wp\/v2\/types\/page"}],"author":[{"embeddable":true,"href":"https:\/\/eurofiliales.sud-com-conseil.fr\/en\/wp-json\/wp\/v2\/users\/1"}],"replies":[{"embeddable":true,"href":"https:\/\/eurofiliales.sud-com-conseil.fr\/en\/wp-json\/wp\/v2\/comments?post=67"}],"version-history":[{"count":64,"href":"https:\/\/eurofiliales.sud-com-conseil.fr\/en\/wp-json\/wp\/v2\/pages\/67\/revisions"}],"predecessor-version":[{"id":1378,"href":"https:\/\/eurofiliales.sud-com-conseil.fr\/en\/wp-json\/wp\/v2\/pages\/67\/revisions\/1378"}],"wp:attachment":[{"href":"https:\/\/eurofiliales.sud-com-conseil.fr\/en\/wp-json\/wp\/v2\/media?parent=67"}],"curies":[{"name":"wp","href":"https:\/\/api.w.org\/{rel}","templated":true}]}}